
{"id":29550,"date":"2016-02-03T21:58:54","date_gmt":"2016-02-03T21:58:54","guid":{"rendered":"https:\/\/lalavandera.com\/romania\/?page_id=29550"},"modified":"2025-01-29T09:52:30","modified_gmt":"2025-01-29T09:52:30","slug":"la-antigua-lavandera","status":"publish","type":"page","link":"https:\/\/lalavandera.com\/romania\/la-antigua-lavandera\/?lang=ro","title":{"rendered":"La Antigua Lavandera"},"content":{"rendered":"<p>[vc_row css=\u00bb.vc_custom_1505829652427{margin-top: -22px !important;}\u00bb el_class=\u00bbbreadcrumb\u00bb][vc_column width=\u00bb1\/2&#8243;][vc_column_text]<a class=\"color_gris\" href=\"https:\/\/lalavandera.com\/romania\/?lang=ro\">Acas\u0103<\/a> \u00a0\/ \u00a0<a class=\"color_blue\" href=\"\/?page_id=1694&#038;lang=ro\">La Antigua Lavandera<\/a>[\/vc_column_text][\/vc_column][vc_column width=\u00bb1\/2&#8243;][\/vc_column][\/vc_row][vc_row][vc_column offset=\u00bbvc_hidden-xs\u00bb][vc_column_text css=\u00bb.vc_custom_1655885122013{margin-bottom: 40px !important;}\u00bb]<\/p>\n<h2 class=\"tit_50 color_blue my_tit\" style=\"text-align: center;\"><em>La Antigua Lavandera<\/em><\/h2>\n<p>[\/vc_column_text][vc_column_text css=\u00bb.vc_custom_1709713600206{margin-bottom: 20px !important;}\u00bb]<\/p>\n<p style=\"text-align: center;\"><em>\u00cen\u021belepciunea \u0219i \u0219tiin\u021ba vechilor sp\u0103l\u0103torese \u0219i h\u0103rnicia lor \u00een gospod\u0103rie erau de admirat, nu-i a\u0219a? Ai vrea s\u0103 ob\u021bii rezultate similare cu ale lor, dar f\u0103r\u0103 efort? La Antigua Lavandera este noua ta marc\u0103 de referin\u021b\u0103 \u00een produse de cur\u0103\u021benie, pentru c\u0103 \u00eembin\u0103 afec\u021biunea pentru lucrul bine f\u0103cut \u0219i cuno\u0219tin\u021bele tradi\u021bionale cu cele mai recente inova\u021bii. Astfel, \u00ee\u021bi este foarte u\u0219or s\u0103 \u00ee\u021bi \u00eengrije\u0219ti casa!<\/em><\/p>\n<p>[\/vc_column_text][vc_column_text]<\/p>\n<h3 class=\"tit_50 color_blue my_tit\" style=\"text-align: center; font-size: 28px;\">Las\u0103-\u021bi casa pe cele mai bune m\u00e2ini:<\/h3>\n<p>[\/vc_column_text][\/vc_column][\/vc_row][vc_row][vc_column][vc_empty_space][\/vc_column][\/vc_row][vc_row el_class=\u00bbfila_full services_list\u00bb][vc_column width=\u00bb1\/3&#8243;][vc_single_image image=\u00bb29097&#8243; img_size=\u00bbfull\u00bb alignment=\u00bbcenter\u00bb][vc_column_text]<\/p>\n<p class=\"tit_30_36 color_blue_2 lobster \" style=\"text-align: center;\"><em>O marc\u0103 spaniol\u0103<\/em><\/p>\n<p>[\/vc_column_text][vc_column_text el_class=\u00bbjustify-text\u00bb]<\/p>\n<p style=\"text-align: center;\"><em>O marc\u0103 apropiat\u0103, g\u00e2ndit\u0103 s\u0103 fie la \u00eendem\u00e2n\u0103 pentru tine, creat\u0103 \u00een Spania. De la fabricile Lavandera din Sevilla \u0219i Barcelona, direct \u00een casa ta.<\/em><\/p>\n<p>[\/vc_column_text][\/vc_column][vc_column width=\u00bb1\/3&#8243;][vc_single_image image=\u00bb29096&#8243; img_size=\u00bbfull\u00bb alignment=\u00bbcenter\u00bb][vc_column_text]<\/p>\n<p class=\"tit_30_36 color_blue_2 lobster \" style=\"text-align: center;\"><em>Cur\u0103\u021benia a\u0219a cum nu ai mai v\u0103zut-o niciodat\u0103<\/em><\/p>\n<p>[\/vc_column_text][vc_column_text el_class=\u00bbjustify-text\u00bb]<\/p>\n<p style=\"text-align: center;\"><em>O imagine \u00abfrumoas\u0103\u00bb, diferit\u0103, care \u00eembin\u0103 modernul \u0219i tradi\u021bionalul, inova\u021bia \u0219i aten\u021bia pentru lucrul bine f\u0103cut.<\/em><\/p>\n<p>[\/vc_column_text][\/vc_column][vc_column width=\u00bb1\/3&#8243;][vc_single_image image=\u00bb29095&#8243; img_size=\u00bbfull\u00bb alignment=\u00bbcenter\u00bb][vc_column_text]<\/p>\n<p class=\"tit_30_36 color_blue_2 lobster \" style=\"text-align: center;\"><em>Eficacitate testat\u0103<\/em><\/p>\n<p>[\/vc_column_text][vc_column_text el_class=\u00bbjustify-text\u00bb]<\/p>\n<p style=\"text-align: center;\"><em>Multe dintre produsele noastre au demonstrat o eficacitate excelent\u0103 \u00een teste efectuate de laboratoare independente. Va deveni rapid \u0219i marca ta preferat\u0103.<\/em><\/p>\n<p>[\/vc_column_text][\/vc_column][\/vc_row][vc_row el_class=\u00bbfila_full services_list\u00bb][vc_column width=\u00bb1\/3&#8243;][vc_single_image image=\u00bb29098&#8243; img_size=\u00bbfull\u00bb alignment=\u00bbcenter\u00bb][vc_column_text]<\/p>\n<p class=\"tit_30_36 color_blue_2 lobster \" style=\"text-align: center;\"><em>Lucrul bine f\u0103cut<\/em><\/p>\n<p>[\/vc_column_text][vc_column_text el_class=\u00bbjustify-text\u00bb]<\/p>\n<p style=\"text-align: center;\"><em>Toate produsele noastre trec prin procese riguroase de omologare care garanteaz\u0103 calitatea \u0219i eficacitatea maxim\u0103, fiind certificate conform standardelor ISO 9001:2015 \u0219i IFS HPC. Ambalajele noastre respect\u0103 cerin\u021bele stabilite \u00een Regulamentul CLP, referitor la comunicarea pericolelor pe etichetarea produselor noastre. <a href=\"https:\/\/lalavandera.com\/romania\/wp-content\/uploads\/2023\/11\/ANX-01-01-Politica-de-Calidad-Seguridad-y-Medioambiente-LAL-V4.docx.pdf\" target=\"_blank\" rel=\"noopener\">Politica noastr\u0103 de calitate \u0219i mediu \u00eenconjur\u0103tor<\/a>.<\/em><\/p>\n<p>[\/vc_column_text][vc_btn title=\u00bbParcurge\u021bi aici certificatele\u00bb style=\u00bbcustom\u00bb custom_background=\u00bb#2ec3cc\u00bb custom_text=\u00bb#ffffff\u00bb align=\u00bbcenter\u00bb link=\u00bburl:https%3A%2F%2Flalavandera.com\/romania%2Fwp-content%2Fuploads%2F2025%2F01%2FQuality-certificates-la-antigua-lavandera.pdf||target:%20_blank|\u00bb][\/vc_column][vc_column width=\u00bb1\/3&#8243;][vc_single_image image=\u00bb29099&#8243; img_size=\u00bbfull\u00bb alignment=\u00bbcenter\u00bb][vc_column_text]<\/p>\n<p class=\"tit_30_36 color_blue_2 lobster \" style=\"text-align: center;\"><em>Tradi\u021bie adaptat\u0103 prezentului<\/em><\/p>\n<p>[\/vc_column_text][vc_column_text el_class=\u00bbjustify-text\u00bb]<\/p>\n<p style=\"text-align: center;\"><em>Lavandera are un departament de cercetare \u0219i dezvoltare care este \u00een continu\u0103 revizuire a celor mai noi formule, pentru a se adapta nevoilor dumneavoastr\u0103. Tehnicile \u0219i produsele noastre sunt \u00eentr-o evolu\u021bie continu\u0103.<\/em><\/p>\n<p>[\/vc_column_text][\/vc_column][vc_column width=\u00bb1\/3&#8243;][vc_single_image image=\u00bb29383&#8243; alignment=\u00bbcenter\u00bb css=\u00bb.vc_custom_1645439671664{margin-bottom: 35px !important;padding-top: 35px !important;}\u00bb][vc_column_text]<\/p>\n<p class=\"tit_30_36 color_blue_2 lobster \" style=\"text-align: center;\"><em>Medalia de argint Ecovadis<\/em><\/p>\n<p>[\/vc_column_text][vc_column_text el_class=\u00bbjustify-text\u00bb]<\/p>\n<p style=\"text-align: center;\">La Antigua Lavandera a ob\u021binut Medalia de Argint \u00een evaluarea Ecovadis. Ecovadis este o platform\u0103 de evaluare a responsabilit\u0103\u021bii sociale \u0219i a sustenabilit\u0103\u021bii unei companii.<\/p>\n<p>[\/vc_column_text][\/vc_column][\/vc_row][vc_row el_class=\u00bbfila_full services_list\u00bb][vc_column width=\u00bb1\/3&#8243;][vc_single_image image=\u00bb29496&#8243; img_size=\u00bb200&#215;200&#8243; alignment=\u00bbcenter\u00bb][vc_column_text]<\/p>\n<p class=\"tit_30_36 color_blue_2 lobster \" style=\"text-align: center;\">Politica noastr\u0103 de egalitate<\/p>\n<p>[\/vc_column_text][vc_column_text el_class=\u00bbjustify-text\u00bb]<\/p>\n<p style=\"text-align: center;\"><em>Comisia pentru Egalitate \u00ee\u0219i propune s\u0103 lucreze \u00een toate domeniile necesare pentru a ob\u021bine o egalitate real\u0103 \u00een tratament \u0219i oportunit\u0103\u021bi \u00een cadrul LA ANTIGUA LAVANDERA. <a href=\"https:\/\/lalavandera.com\/romania\/wp-content\/uploads\/2023\/10\/PLAN-IGUALDAD-LAL_v3.pdf\" target=\"_blank\" rel=\"noopener\">Consulta\u021bi politica de egalitate<\/a>.<\/em><\/p>\n<p>[\/vc_column_text][\/vc_column][vc_column width=\u00bb1\/3&#8243;][\/vc_column][\/vc_row][vc_row][vc_column][vc_empty_space][\/vc_column][\/vc_row][vc_row][vc_column][vc_empty_space][\/vc_column][\/vc_row][vc_row][vc_column][vc_raw_html]JTNDc3R5bGUlM0UlMEFkaXYlMjNwYWdlLXRpdGxlJTIwJTdCJTBBJTIwJTIwJTIwJTIwcGFkZGluZy1ib3R0b20lM0ElMjAyMDBweCUyMWltcG9ydGFudCUzQiUwQSUyMCUyMCUyMCUyMHBhZGRpbmctdG9wJTNBJTIwMjAwcHglMjFpbXBvcnRhbnQlM0IlMEElMjAlMjAlMjAlMjBiYWNrZ3JvdW5kLXBvc2l0aW9uJTNBJTIwY2VudGVyJTIwY2VudGVyJTNCJTBBJTdEJTBBJTBBLnBhZ2UtdGl0bGUtdGl0bGUlMjBoMSU3QiUwQSUyMCUyMCUyMCUyMGNvbG9yJTNBJTIwYmxhY2slMjFpbXBvcnRhbnQlM0IlMEElMjAlMjAlMjAlMjBvZmZfdGV4dC1zaGFkb3clM0ElMjAycHglMjAycHglMjAlMjM4M0RCRTAlMjFpbXBvcnRhbnQlM0IlMEElMjAlMjAlMjAlMjBkaXNwbGF5JTNBbm9uZSUyMWltcG9ydGFudCUzQiUyMCUyMCUyMCUwQSU3RCUwQSUzQyUyRnN0eWxlJTNF[\/vc_raw_html][\/vc_column][\/vc_row]<\/p>\n","protected":false},"excerpt":{"rendered":"<p>[vc_row css=\u00bb.vc_custom_1505829652427{margin-top: -22px !important;}\u00bb el_class=\u00bbbreadcrumb\u00bb][vc_column width=\u00bb1\/2&#8243;][vc_column_text]Acas\u0103 \u00a0\/ \u00a0La Antigua Lavandera[\/vc_column_text][\/vc_column][vc_column width=\u00bb1\/2&#8243;][\/vc_column][\/vc_row][vc_row][vc_column offset=\u00bbvc_hidden-xs\u00bb][vc_column_text css=\u00bb.vc_custom_1655885122013{margin-bottom: 40px !important;}\u00bb] La Antigua Lavandera [\/vc_column_text][vc_column_text css=\u00bb.vc_custom_1709713600206{margin-bottom:&#8230;<\/p>\n","protected":false},"author":11,"featured_media":0,"parent":0,"menu_order":0,"comment_status":"closed","ping_status":"closed","template":"","meta":{"footnotes":""},"aioseo_notices":[],"_links":{"self":[{"href":"https:\/\/lalavandera.com\/romania\/wp-json\/wp\/v2\/pages\/29550"}],"collection":[{"href":"https:\/\/lalavandera.com\/romania\/wp-json\/wp\/v2\/pages"}],"about":[{"href":"https:\/\/lalavandera.com\/romania\/wp-json\/wp\/v2\/types\/page"}],"author":[{"embeddable":true,"href":"https:\/\/lalavandera.com\/romania\/wp-json\/wp\/v2\/users\/11"}],"replies":[{"embeddable":true,"href":"https:\/\/lalavandera.com\/romania\/wp-json\/wp\/v2\/comments?post=29550"}],"version-history":[{"count":11,"href":"https:\/\/lalavandera.com\/romania\/wp-json\/wp\/v2\/pages\/29550\/revisions"}],"predecessor-version":[{"id":30270,"href":"https:\/\/lalavandera.com\/romania\/wp-json\/wp\/v2\/pages\/29550\/revisions\/30270"}],"wp:attachment":[{"href":"https:\/\/lalavandera.com\/romania\/wp-json\/wp\/v2\/media?parent=29550"}],"curies":[{"name":"wp","href":"https:\/\/api.w.org\/{rel}","templated":true}]}}